{"id":5890,"date":"2025-05-28T15:33:20","date_gmt":"2025-05-28T15:33:20","guid":{"rendered":"https:\/\/blcuniversity.org\/?page_id=5890"},"modified":"2025-05-28T18:40:27","modified_gmt":"2025-05-28T18:40:27","slug":"login-new","status":"publish","type":"page","link":"https:\/\/blcuniversity.org\/pt\/login-new\/","title":{"rendered":"Login-New"},"content":{"rendered":"<div data-elementor-type=\"wp-page\" data-elementor-id=\"5890\" class=\"elementor elementor-5890\" data-elementor-post-type=\"page\">\n\t\t\t\t<div class=\"elementor-element elementor-element-561581d e-flex e-con-boxed e-con e-parent\" data-id=\"561581d\" data-element_type=\"container\" data-settings=\"{&quot;background_background&quot;:&quot;classic&quot;}\">\n\t\t\t\t\t<div class=\"e-con-inner\">\n\t\t\t\t<div class=\"elementor-element elementor-element-308dfd1 elementor-widget elementor-widget-image\" data-id=\"308dfd1\" data-element_type=\"widget\" data-widget_type=\"image.default\">\n\t\t\t\t<div class=\"elementor-widget-container\">\n\t\t\t\t\t\t\t\t\t\t\t\t\t\t\t<img decoding=\"async\" width=\"150\" height=\"82\" src=\"https:\/\/blcuniversity.org\/wp-content\/uploads\/2024\/07\/BLC-150x82.webp\" class=\"attachment-thumbnail size-thumbnail wp-image-1187\" alt=\"\" \/>\t\t\t\t\t\t\t\t\t\t\t\t\t\t\t<\/div>\n\t\t\t\t<\/div>\n\t\t\t\t<div class=\"elementor-element elementor-element-b52fb08 elementor-widget elementor-widget-heading\" data-id=\"b52fb08\" data-element_type=\"widget\" data-widget_type=\"heading.default\">\n\t\t\t\t<div class=\"elementor-widget-container\">\n\t\t\t\t\t<h2 class=\"elementor-heading-title elementor-size-default\">Login<\/h2>\t\t\t\t<\/div>\n\t\t\t\t<\/div>\n\t\t\t\t\t<\/div>\n\t\t\t\t<\/div>\n\t\t<div class=\"elementor-element elementor-element-c13534b e-flex e-con-boxed e-con e-parent\" data-id=\"c13534b\" data-element_type=\"container\" data-settings=\"{&quot;background_background&quot;:&quot;classic&quot;}\">\n\t\t\t\t\t<div class=\"e-con-inner\">\n\t\t<div class=\"elementor-element elementor-element-4911369 e-con-full e-flex e-con e-child\" data-id=\"4911369\" data-element_type=\"container\">\n\t\t\t\t<div class=\"elementor-element elementor-element-c4e9fe3 elementor-position-left elementor-vertical-align-middle elementor-widget elementor-widget-image-box\" data-id=\"c4e9fe3\" data-element_type=\"widget\" data-widget_type=\"image-box.default\">\n\t\t\t\t<div class=\"elementor-widget-container\">\n\t\t\t\t\t<div class=\"elementor-image-box-wrapper\"><figure class=\"elementor-image-box-img\"><img fetchpriority=\"high\" decoding=\"async\" width=\"1077\" height=\"1078\" src=\"https:\/\/blcuniversity.org\/wp-content\/uploads\/2025\/05\/303531-P7SCNR-893-Photoroom-e1748451629951.png\" class=\"attachment-full size-full wp-image-5953\" alt=\"\" srcset=\"https:\/\/blcuniversity.org\/wp-content\/uploads\/2025\/05\/303531-P7SCNR-893-Photoroom-e1748451629951.png 1077w, https:\/\/blcuniversity.org\/wp-content\/uploads\/2025\/05\/303531-P7SCNR-893-Photoroom-e1748451629951-300x300.png 300w, https:\/\/blcuniversity.org\/wp-content\/uploads\/2025\/05\/303531-P7SCNR-893-Photoroom-e1748451629951-1024x1024.png 1024w, https:\/\/blcuniversity.org\/wp-content\/uploads\/2025\/05\/303531-P7SCNR-893-Photoroom-e1748451629951-150x150.png 150w, https:\/\/blcuniversity.org\/wp-content\/uploads\/2025\/05\/303531-P7SCNR-893-Photoroom-e1748451629951-768x769.png 768w, https:\/\/blcuniversity.org\/wp-content\/uploads\/2025\/05\/303531-P7SCNR-893-Photoroom-e1748451629951-12x12.png 12w, https:\/\/blcuniversity.org\/wp-content\/uploads\/2025\/05\/303531-P7SCNR-893-Photoroom-e1748451629951-50x50.png 50w\" sizes=\"(max-width: 1077px) 100vw, 1077px\" \/><\/figure><div class=\"elementor-image-box-content\"><h3 class=\"elementor-image-box-title\">Accede desde aqu\u00ed en Espa\u00f1ol<\/h3><\/div><\/div>\t\t\t\t<\/div>\n\t\t\t\t<\/div>\n\t\t\t\t<div class=\"elementor-element elementor-element-569a69a elementor-widget elementor-widget-login\" data-id=\"569a69a\" data-element_type=\"widget\" data-widget_type=\"login.default\">\n\t\t\t\t<div class=\"elementor-widget-container\">\n\t\t\t\t\t\t\t<form class=\"elementor-login elementor-form\" method=\"post\" action=\"https:\/\/blcuniversity.org\/wp-login.php\">\n\t\t\t<input type=\"hidden\" name=\"redirect_to\" value=\"https:\/\/blcuniversity.org\/courses\/entrenamiento-blc\/\">\n\t\t\t<div class=\"elementor-form-fields-wrapper\">\n\t\t\t\t<div class=\"elementor-field-type-text elementor-field-group elementor-column elementor-col-100 elementor-field-required\">\n\t\t\t\t\t<label for=\"user-569a69a\" class=\"elementor-field-label\">Nombre de usuario o correo electr\u00f3nico<\/label>\n\t\t\t\t\t<input size=\"1\" type=\"text\" name=\"log\" id=\"user-569a69a\" placeholder=\"\" class=\"elementor-field elementor-field-textual elementor-size-sm\">\n\t\t\t\t<\/div>\n\t\t\t\t<div class=\"elementor-field-type-text elementor-field-group elementor-column elementor-col-100 elementor-field-required\">\n\t\t\t\t\t<label for=\"password-569a69a\" class=\"elementor-field-label\">Senha<\/label>\n\t\t\t\t\t<input size=\"1\" type=\"password\" name=\"pwd\" id=\"password-569a69a\" placeholder=\"\" class=\"elementor-field elementor-field-textual elementor-size-sm\">\n\t\t\t\t<\/div>\n\n\t\t\t\t\t\t\t\t\t<div class=\"elementor-field-type-checkbox elementor-field-group elementor-column elementor-col-100 elementor-remember-me\">\n\t\t\t\t\t\t<label for=\"elementor-login-remember-me\">\n\t\t\t\t\t\t\t<input type=\"checkbox\" id=\"elementor-login-remember-me\" name=\"rememberme\" value=\"forever\">\n\t\t\t\t\t\t\tLembrar-me\t\t\t\t\t\t<\/label>\n\t\t\t\t\t<\/div>\n\t\t\t\t\n\t\t\t\t<div class=\"elementor-field-group elementor-column elementor-field-type-submit elementor-col-100\">\n\t\t\t\t\t<button type=\"submit\" class=\"elementor-size-sm elementor-button\" name=\"wp-submit\">\n\t\t\t\t\t\t\t\t\t\t\t\t\t\t\t<span class=\"elementor-button-text\">Acessar<\/span>\n\t\t\t\t\t\t\t\t\t\t\t\t<\/button>\n\t\t\t\t<\/div>\n\n\t\t\t\t\t\t\t\t\t<div class=\"elementor-field-group elementor-column elementor-col-100\">\n\t\t\t\t\t\t\t\t\t\t\t\t\t\t\t\t\t\t\t\t<a class=\"elementor-lost-password\" href=\"https:\/\/blcuniversity.org\/wp-login.php?action=lostpassword&redirect_to=https%3A%2F%2Fblcuniversity.org%2Fcourses%2Fentrenamiento-blc%2F\">\n\t\t\t\t\t\t\t\tEsqueceu sua senha?\t\t\t\t\t\t\t<\/a>\n\t\t\t\t\t\t\n\t\t\t\t\t\t\t\t\t\t\t\t\t\t\t\t\t\t\t\t\t<span class=\"elementor-login-separator\"> | <\/span>\n\t\t\t\t\t\t\t\t\t\t\t\t\t\t\t\t\t\t\t\t\t<a class=\"elementor-register\" href=\"https:\/\/blcuniversity.org\/wp-login.php?action=register\">\n\t\t\t\t\t\t\t\tCadastrar\t\t\t\t\t\t\t<\/a>\n\t\t\t\t\t\t\t\t\t\t\t<\/div>\n\t\t\t\t\t\t\t<\/div>\n\t\t<\/form>\n\t\t\t\t\t\t<\/div>\n\t\t\t\t<\/div>\n\t\t\t\t<\/div>\n\t\t<div class=\"elementor-element elementor-element-4c09838 e-con-full e-flex e-con e-child\" data-id=\"4c09838\" data-element_type=\"container\">\n\t\t\t\t<div class=\"elementor-element elementor-element-59ced0b elementor-position-left elementor-vertical-align-middle elementor-widget elementor-widget-image-box\" data-id=\"59ced0b\" data-element_type=\"widget\" data-widget_type=\"image-box.default\">\n\t\t\t\t<div class=\"elementor-widget-container\">\n\t\t\t\t\t<div class=\"elementor-image-box-wrapper\"><figure class=\"elementor-image-box-img\"><img decoding=\"async\" width=\"512\" height=\"512\" src=\"https:\/\/blcuniversity.org\/wp-content\/uploads\/2025\/05\/pngwing.com_.png\" class=\"attachment-full size-full wp-image-5954\" alt=\"\" srcset=\"https:\/\/blcuniversity.org\/wp-content\/uploads\/2025\/05\/pngwing.com_.png 512w, https:\/\/blcuniversity.org\/wp-content\/uploads\/2025\/05\/pngwing.com_-300x300.png 300w, https:\/\/blcuniversity.org\/wp-content\/uploads\/2025\/05\/pngwing.com_-150x150.png 150w, https:\/\/blcuniversity.org\/wp-content\/uploads\/2025\/05\/pngwing.com_-12x12.png 12w, https:\/\/blcuniversity.org\/wp-content\/uploads\/2025\/05\/pngwing.com_-50x50.png 50w\" sizes=\"(max-width: 512px) 100vw, 512px\" \/><\/figure><div class=\"elementor-image-box-content\"><h3 class=\"elementor-image-box-title\">Accede desde aqu\u00ed en Portugu\u00e9s<\/h3><\/div><\/div>\t\t\t\t<\/div>\n\t\t\t\t<\/div>\n\t\t\t\t<div class=\"elementor-element elementor-element-70b0f4a elementor-widget elementor-widget-login\" data-id=\"70b0f4a\" data-element_type=\"widget\" data-widget_type=\"login.default\">\n\t\t\t\t<div class=\"elementor-widget-container\">\n\t\t\t\t\t\t\t<form class=\"elementor-login elementor-form\" method=\"post\" action=\"https:\/\/blcuniversity.org\/wp-login.php\">\n\t\t\t<input type=\"hidden\" name=\"redirect_to\" value=\"https:\/\/blcuniversity.org\/courses\/treinamento-blc-pt\/\">\n\t\t\t<div class=\"elementor-form-fields-wrapper\">\n\t\t\t\t<div class=\"elementor-field-type-text elementor-field-group elementor-column elementor-col-100 elementor-field-required\">\n\t\t\t\t\t<label for=\"user-70b0f4a\" class=\"elementor-field-label\">Nombre de usuario o correo electr\u00f3nico<\/label>\n\t\t\t\t\t<input size=\"1\" type=\"text\" name=\"log\" id=\"user-70b0f4a\" placeholder=\"\" class=\"elementor-field elementor-field-textual elementor-size-sm\">\n\t\t\t\t<\/div>\n\t\t\t\t<div class=\"elementor-field-type-text elementor-field-group elementor-column elementor-col-100 elementor-field-required\">\n\t\t\t\t\t<label for=\"password-70b0f4a\" class=\"elementor-field-label\">Senha<\/label>\n\t\t\t\t\t<input size=\"1\" type=\"password\" name=\"pwd\" id=\"password-70b0f4a\" placeholder=\"\" class=\"elementor-field elementor-field-textual elementor-size-sm\">\n\t\t\t\t<\/div>\n\n\t\t\t\t\t\t\t\t\t<div class=\"elementor-field-type-checkbox elementor-field-group elementor-column elementor-col-100 elementor-remember-me\">\n\t\t\t\t\t\t<label for=\"elementor-login-remember-me\">\n\t\t\t\t\t\t\t<input type=\"checkbox\" id=\"elementor-login-remember-me\" name=\"rememberme\" value=\"forever\">\n\t\t\t\t\t\t\tLembrar-me\t\t\t\t\t\t<\/label>\n\t\t\t\t\t<\/div>\n\t\t\t\t\n\t\t\t\t<div class=\"elementor-field-group elementor-column elementor-field-type-submit elementor-col-100\">\n\t\t\t\t\t<button type=\"submit\" class=\"elementor-size-sm elementor-button\" name=\"wp-submit\">\n\t\t\t\t\t\t\t\t\t\t\t\t\t\t\t<span class=\"elementor-button-text\">Acessar<\/span>\n\t\t\t\t\t\t\t\t\t\t\t\t<\/button>\n\t\t\t\t<\/div>\n\n\t\t\t\t\t\t\t\t\t<div class=\"elementor-field-group elementor-column elementor-col-100\">\n\t\t\t\t\t\t\t\t\t\t\t\t\t\t\t\t\t\t\t\t<a class=\"elementor-lost-password\" href=\"https:\/\/blcuniversity.org\/wp-login.php?action=lostpassword&redirect_to=https%3A%2F%2Fblcuniversity.org%2Fcourses%2Ftreinamento-blc-pt%2F\">\n\t\t\t\t\t\t\t\tEsqueceu sua senha?\t\t\t\t\t\t\t<\/a>\n\t\t\t\t\t\t\n\t\t\t\t\t\t\t\t\t\t\t\t\t\t\t\t\t\t\t\t\t<span class=\"elementor-login-separator\"> | <\/span>\n\t\t\t\t\t\t\t\t\t\t\t\t\t\t\t\t\t\t\t\t\t<a class=\"elementor-register\" href=\"https:\/\/blcuniversity.org\/wp-login.php?action=register\">\n\t\t\t\t\t\t\t\tCadastrar\t\t\t\t\t\t\t<\/a>\n\t\t\t\t\t\t\t\t\t\t\t<\/div>\n\t\t\t\t\t\t\t<\/div>\n\t\t<\/form>\n\t\t\t\t\t\t<\/div>\n\t\t\t\t<\/div>\n\t\t\t\t<\/div>\n\t\t\t\t\t<\/div>\n\t\t\t\t<\/div>\n\t\t\t\t<\/div>","protected":false},"excerpt":{"rendered":"<p>Login Accede desde aqu\u00ed en Espa\u00f1ol Accede desde aqu\u00ed en Portugu\u00e9s<\/p>","protected":false},"author":18,"featured_media":0,"parent":0,"menu_order":0,"comment_status":"closed","ping_status":"closed","template":"elementor_canvas","meta":{"footnotes":""},"class_list":["post-5890","page","type-page","status-publish","hentry"],"_links":{"self":[{"href":"https:\/\/blcuniversity.org\/pt\/wp-json\/wp\/v2\/pages\/5890","targetHints":{"allow":["GET"]}}],"collection":[{"href":"https:\/\/blcuniversity.org\/pt\/wp-json\/wp\/v2\/pages"}],"about":[{"href":"https:\/\/blcuniversity.org\/pt\/wp-json\/wp\/v2\/types\/page"}],"author":[{"embeddable":true,"href":"https:\/\/blcuniversity.org\/pt\/wp-json\/wp\/v2\/users\/18"}],"replies":[{"embeddable":true,"href":"https:\/\/blcuniversity.org\/pt\/wp-json\/wp\/v2\/comments?post=5890"}],"version-history":[{"count":100,"href":"https:\/\/blcuniversity.org\/pt\/wp-json\/wp\/v2\/pages\/5890\/revisions"}],"predecessor-version":[{"id":6000,"href":"https:\/\/blcuniversity.org\/pt\/wp-json\/wp\/v2\/pages\/5890\/revisions\/6000"}],"wp:attachment":[{"href":"https:\/\/blcuniversity.org\/pt\/wp-json\/wp\/v2\/media?parent=5890"}],"curies":[{"name":"wp","href":"https:\/\/api.w.org\/{rel}","templated":true}]}}