{"id":1638,"date":"2024-07-18T15:29:05","date_gmt":"2024-07-18T15:29:05","guid":{"rendered":"https:\/\/blcuniversity.org\/?page_id=1638"},"modified":"2025-05-20T15:06:04","modified_gmt":"2025-05-20T15:06:04","slug":"quienes-somos-2","status":"publish","type":"page","link":"https:\/\/blcuniversity.org\/pt\/conexiones\/quienes-somos-2\/","title":{"rendered":"quienes somos 2"},"content":{"rendered":"<div data-elementor-type=\"wp-page\" data-elementor-id=\"1638\" class=\"elementor elementor-1638\" data-elementor-post-type=\"page\">\n\t\t\t\t<div class=\"elementor-element elementor-element-be9aeae e-flex e-con-boxed e-con e-parent\" data-id=\"be9aeae\" data-element_type=\"container\" data-settings=\"{&quot;background_background&quot;:&quot;classic&quot;}\">\n\t\t\t\t\t<div class=\"e-con-inner\">\n\t\t\t\t\t<\/div>\n\t\t\t\t<\/div>\n\t\t<div class=\"elementor-element elementor-element-504eef4 e-flex e-con-boxed e-con e-parent\" data-id=\"504eef4\" data-element_type=\"container\" data-settings=\"{&quot;background_background&quot;:&quot;classic&quot;}\">\n\t\t\t\t\t<div class=\"e-con-inner\">\n\t\t<div class=\"elementor-element elementor-element-e936a94 e-con-full e-flex e-con e-child\" data-id=\"e936a94\" data-element_type=\"container\">\n\t\t\t\t<div class=\"elementor-element elementor-element-49c9bde elementor-widget elementor-widget-heading\" data-id=\"49c9bde\" data-element_type=\"widget\" data-widget_type=\"heading.default\">\n\t\t\t\t<div class=\"elementor-widget-container\">\n\t\t\t\t\t<h2 class=\"elementor-heading-title elementor-size-default\"><b>Quem Somos?<\/b><\/h2>\t\t\t\t<\/div>\n\t\t\t\t<\/div>\n\t\t\t\t<div class=\"elementor-element elementor-element-db82521 elementor-widget elementor-widget-text-editor\" data-id=\"db82521\" data-element_type=\"widget\" data-widget_type=\"text-editor.default\">\n\t\t\t\t<div class=\"elementor-widget-container\">\n\t\t\t\t\t\t\t\t\t<p>Somos una comunidad de hombres y mujeres de negocios, emprendedores y visionarios que hemos comprendido el impacto del nuevo panorama econ\u00f3mico mundial y las herramientas innovadoras que nos ofrece la era de la informaci\u00f3n.<\/p><p>Estamos conscientes de que nunca en la historia de la humanidad se hab\u00edan presentado tantas oportunidades para transformar vidas. Sin embargo, tambi\u00e9n sabemos que quienes no se adapten a esta nueva econom\u00eda enfrentar\u00e1n grandes desaf\u00edos.<\/p><p>Por eso, hemos decidido construir negocios s\u00f3lidos a trav\u00e9s de un ecosistema innovador impulsado por la tecnolog\u00eda blockchain, apalancando nuestras finanzas con herramientas inteligentes y estrat\u00e9gicas.<\/p><p>Nuestro prop\u00f3sito es contribuir a que miles de personas en todo el mundo consoliden las bases de su plenitud financiera, generando un impacto positivo en sus finanzas, su crecimiento personal y profesional, mientras construimos un modelo sustentable que transforma vidas y comunidades.<\/p>\t\t\t\t\t\t\t\t<\/div>\n\t\t\t\t<\/div>\n\t\t\t\t<div class=\"elementor-element elementor-element-582c231 elementor-hidden-desktop elementor-hidden-tablet elementor-hidden-mobile elementor-widget elementor-widget-text-editor\" data-id=\"582c231\" data-element_type=\"widget\" data-widget_type=\"text-editor.default\">\n\t\t\t\t<div class=\"elementor-widget-container\">\n\t\t\t\t\t\t\t\t\t<p>Somos uma comunidade de homens e mulheres de neg\u00f3cios, empreendedores e vision\u00e1rios que entenderam o novo cen\u00e1rio econ\u00f4mico global e as ferramentas oferecidas pela era da informa\u00e7\u00e3o.<\/p><p>Estamos cientes de que em toda a sua hist\u00f3ria, a humanidade nunca viveu uma \u00e9poca com tantas oportunidades. Ao mesmo tempo sabemos que quem n\u00e3o se adaptar \u00e0 nova economia sofrer\u00e1 consequ\u00eancias.<\/p><p>\u00c9 por isso que decidimos alavancar nossas finan\u00e7as atrav\u00e9s de uma nova e segura plataforma de neg\u00f3cios, com uma proposta inteligente que nos permite construir uma riqueza de barras de ouro f\u00edsicas da mais alta pureza e, ao mesmo tempo, gerar renda em euros, ajudando milhares de pessoas no mundo para consolidar as bases de sua FELICIDADE FINANCEIRA.<\/p><p>inclusiva y dichosamente auto sustentable.<\/p>\t\t\t\t\t\t\t\t<\/div>\n\t\t\t\t<\/div>\n\t\t<div class=\"elementor-element elementor-element-fa8d7a8 e-con-full e-flex e-con e-child\" data-id=\"fa8d7a8\" data-element_type=\"container\">\n\t\t<div class=\"elementor-element elementor-element-b5033cf e-con-full e-flex e-con e-child\" data-id=\"b5033cf\" data-element_type=\"container\" data-settings=\"{&quot;background_background&quot;:&quot;gradient&quot;}\">\n\t\t\t\t<div class=\"elementor-element elementor-element-2badf72 elementor-widget__width-initial elementor-widget elementor-widget-image\" data-id=\"2badf72\" data-element_type=\"widget\" data-widget_type=\"image.default\">\n\t\t\t\t<div class=\"elementor-widget-container\">\n\t\t\t\t\t\t\t\t\t\t\t\t\t\t\t<img fetchpriority=\"high\" decoding=\"async\" width=\"512\" height=\"512\" src=\"https:\/\/blcuniversity.org\/wp-content\/uploads\/2024\/07\/orientacion.png\" class=\"attachment-large size-large wp-image-1646\" alt=\"\" srcset=\"https:\/\/blcuniversity.org\/wp-content\/uploads\/2024\/07\/orientacion.png 512w, https:\/\/blcuniversity.org\/wp-content\/uploads\/2024\/07\/orientacion-300x300.png 300w, https:\/\/blcuniversity.org\/wp-content\/uploads\/2024\/07\/orientacion-150x150.png 150w, https:\/\/blcuniversity.org\/wp-content\/uploads\/2024\/07\/orientacion-50x50.png 50w\" sizes=\"(max-width: 512px) 100vw, 512px\" \/>\t\t\t\t\t\t\t\t\t\t\t\t\t\t\t<\/div>\n\t\t\t\t<\/div>\n\t\t\t\t<div class=\"elementor-element elementor-element-f0ac341 elementor-widget elementor-widget-heading\" data-id=\"f0ac341\" data-element_type=\"widget\" data-widget_type=\"heading.default\">\n\t\t\t\t<div class=\"elementor-widget-container\">\n\t\t\t\t\t<h2 class=\"elementor-heading-title elementor-size-default\">Nossa Miss\u00e3o<\/h2>\t\t\t\t<\/div>\n\t\t\t\t<\/div>\n\t\t\t\t<div class=\"elementor-element elementor-element-fa59308 elementor-widget elementor-widget-text-editor\" data-id=\"fa59308\" data-element_type=\"widget\" data-widget_type=\"text-editor.default\">\n\t\t\t\t<div class=\"elementor-widget-container\">\n\t\t\t\t\t\t\t\t\t<p>Comprometidos com valores de \u00e9tica profissional, disciplina e lealdade, nossa miss\u00e3o \u00e9 formar l\u00edderes que possam criar e orientar grandes organiza\u00e7\u00f5es, gerando contribui\u00e7\u00e3o social por meio do desenvolvimento de uma comunidade empresarial inteligente e com h\u00e1bitos altamente eficazes para alcan\u00e7ar o sucesso.<\/p>\t\t\t\t\t\t\t\t<\/div>\n\t\t\t\t<\/div>\n\t\t\t\t<\/div>\n\t\t<div class=\"elementor-element elementor-element-fd8b3fe e-con-full e-flex e-con e-child\" data-id=\"fd8b3fe\" data-element_type=\"container\" data-settings=\"{&quot;background_background&quot;:&quot;gradient&quot;}\">\n\t\t\t\t<div class=\"elementor-element elementor-element-685d10d elementor-widget__width-initial elementor-widget elementor-widget-image\" data-id=\"685d10d\" data-element_type=\"widget\" data-widget_type=\"image.default\">\n\t\t\t\t<div class=\"elementor-widget-container\">\n\t\t\t\t\t\t\t\t\t\t\t\t\t\t\t<img decoding=\"async\" width=\"512\" height=\"512\" src=\"https:\/\/blcuniversity.org\/wp-content\/uploads\/2024\/07\/vision-1.png\" class=\"attachment-large size-large wp-image-1647\" alt=\"\" srcset=\"https:\/\/blcuniversity.org\/wp-content\/uploads\/2024\/07\/vision-1.png 512w, https:\/\/blcuniversity.org\/wp-content\/uploads\/2024\/07\/vision-1-300x300.png 300w, https:\/\/blcuniversity.org\/wp-content\/uploads\/2024\/07\/vision-1-150x150.png 150w, https:\/\/blcuniversity.org\/wp-content\/uploads\/2024\/07\/vision-1-50x50.png 50w\" sizes=\"(max-width: 512px) 100vw, 512px\" \/>\t\t\t\t\t\t\t\t\t\t\t\t\t\t\t<\/div>\n\t\t\t\t<\/div>\n\t\t\t\t<div class=\"elementor-element elementor-element-17614f0 elementor-widget elementor-widget-heading\" data-id=\"17614f0\" data-element_type=\"widget\" data-widget_type=\"heading.default\">\n\t\t\t\t<div class=\"elementor-widget-container\">\n\t\t\t\t\t<h2 class=\"elementor-heading-title elementor-size-default\">Nossa Vis\u00e3o\n<\/h2>\t\t\t\t<\/div>\n\t\t\t\t<\/div>\n\t\t\t\t<div class=\"elementor-element elementor-element-a6d413b elementor-widget elementor-widget-text-editor\" data-id=\"a6d413b\" data-element_type=\"widget\" data-widget_type=\"text-editor.default\">\n\t\t\t\t<div class=\"elementor-widget-container\">\n\t\t\t\t\t\t\t\t\tEm um mundo marcado por transforma\u00e7\u00f5es, no qual as cren\u00e7as limitantes dominam os pensamentos da humanidade, nossa vis\u00e3o \u00e9 gerar um impacto socioecon\u00f4mico positivo, por meio da educa\u00e7\u00e3o e do crescimento pessoal, desenvolvendo l\u00edderes empresariais influentes, que possam contribuir com a sociedade inspirando com o seu exemplo e com seus resultados.\t\t\t\t\t\t\t\t<\/div>\n\t\t\t\t<\/div>\n\t\t\t\t<\/div>\n\t\t\t\t<\/div>\n\t\t\t\t<\/div>\n\t\t<div class=\"elementor-element elementor-element-f595743 e-con-full e-flex e-con e-child\" data-id=\"f595743\" data-element_type=\"container\" data-settings=\"{&quot;background_background&quot;:&quot;classic&quot;}\">\n\t\t<div class=\"elementor-element elementor-element-2e08d37 e-flex e-con-boxed e-con e-child\" data-id=\"2e08d37\" data-element_type=\"container\" data-settings=\"{&quot;background_background&quot;:&quot;classic&quot;}\">\n\t\t\t\t\t<div class=\"e-con-inner\">\n\t\t\t\t<div class=\"elementor-element elementor-element-c3fd263 elementor-widget elementor-widget-heading\" data-id=\"c3fd263\" data-element_type=\"widget\" data-widget_type=\"heading.default\">\n\t\t\t\t<div class=\"elementor-widget-container\">\n\t\t\t\t\t<h2 class=\"elementor-heading-title elementor-size-default\"><b>Acordos<\/b><\/h2>\t\t\t\t<\/div>\n\t\t\t\t<\/div>\n\t\t\t\t<div class=\"elementor-element elementor-element-d6a754e elementor-widget elementor-widget-text-editor\" data-id=\"d6a754e\" data-element_type=\"widget\" data-widget_type=\"text-editor.default\">\n\t\t\t\t<div class=\"elementor-widget-container\">\n\t\t\t\t\t\t\t\t\t<ol><li>Manter as c\u00e2meras ligadas e participar ativamente nas reuni\u00f5es de Zoom.<\/li><li>Ter uma equipe em crescimento e desenvolvimento.<\/li><li>Promover, edificar e participar das atividades do sistema educativo.<\/li><li>Ter uma atitude de servi\u00e7o com todos os membros da comunidade.<\/li><li>Tratar sempre com respeito os problemas e desafios perante a comunidade.<\/li><li>Realizar os pagamentos acordados para as atividades presenciais, independentemente de participar ou n\u00e3o.<\/li><li>Enquanto tivermos 4 reuni\u00f5es por m\u00eas, ser\u00e1 permitida apenas uma falta.<\/li><\/ol>\t\t\t\t\t\t\t\t<\/div>\n\t\t\t\t<\/div>\n\t\t\t\t\t<\/div>\n\t\t\t\t<\/div>\n\t\t\t\t<\/div>\n\t\t\t\t\t<\/div>\n\t\t\t\t<\/div>\n\t\t<div class=\"elementor-element elementor-element-6e76806 e-flex e-con-boxed e-con e-parent\" data-id=\"6e76806\" data-element_type=\"container\" data-settings=\"{&quot;background_background&quot;:&quot;classic&quot;}\">\n\t\t\t\t\t<div class=\"e-con-inner\">\n\t\t\t\t<div class=\"elementor-element elementor-element-cce0497 elementor-widget elementor-widget-heading\" data-id=\"cce0497\" data-element_type=\"widget\" data-widget_type=\"heading.default\">\n\t\t\t\t<div class=\"elementor-widget-container\">\n\t\t\t\t\t<h2 class=\"elementor-heading-title elementor-size-default\">Nossos Fundadores<\/h2>\t\t\t\t<\/div>\n\t\t\t\t<\/div>\n\t\t\t\t<div class=\"elementor-element elementor-element-ea49f69 elementor-widget elementor-widget-text-editor\" data-id=\"ea49f69\" data-element_type=\"widget\" data-widget_type=\"text-editor.default\">\n\t\t\t\t<div class=\"elementor-widget-container\">\n\t\t\t\t\t\t\t\t\t<p>Desde o in\u00edcio, eles se propuseram a criar um espa\u00e7o educativo \u00fanico, centrado na excel\u00eancia acad\u00eamica e na forma\u00e7\u00e3o integral dos membros da comunidade.&nbsp;<\/p>\t\t\t\t\t\t\t\t<\/div>\n\t\t\t\t<\/div>\n\t\t\t\t\t<\/div>\n\t\t\t\t<\/div>\n\t\t<div class=\"elementor-element elementor-element-a371126 e-flex e-con-boxed e-con e-parent\" data-id=\"a371126\" data-element_type=\"container\" data-settings=\"{&quot;background_background&quot;:&quot;classic&quot;}\">\n\t\t\t\t\t<div class=\"e-con-inner\">\n\t\t<div class=\"elementor-element elementor-element-a6a65ef e-con-full e-flex e-con e-child\" data-id=\"a6a65ef\" data-element_type=\"container\">\n\t\t\t\t<div class=\"elementor-element elementor-element-d9ac5fb elementor-invisible elementor-widget elementor-widget-image\" data-id=\"d9ac5fb\" data-element_type=\"widget\" data-settings=\"{&quot;_animation&quot;:&quot;rollIn&quot;,&quot;_animation_delay&quot;:900}\" data-widget_type=\"image.default\">\n\t\t\t\t<div class=\"elementor-widget-container\">\n\t\t\t\t\t\t\t\t\t\t\t\t\t\t\t<img decoding=\"async\" width=\"287\" height=\"287\" src=\"https:\/\/blcuniversity.org\/wp-content\/uploads\/2024\/05\/carlos.webp\" class=\"attachment-full size-full wp-image-144\" alt=\"\" srcset=\"https:\/\/blcuniversity.org\/wp-content\/uploads\/2024\/05\/carlos.webp 287w, https:\/\/blcuniversity.org\/wp-content\/uploads\/2024\/05\/carlos-150x150.webp 150w\" sizes=\"(max-width: 287px) 100vw, 287px\" \/>\t\t\t\t\t\t\t\t\t\t\t\t\t\t\t<\/div>\n\t\t\t\t<\/div>\n\t\t\t\t<div class=\"elementor-element elementor-element-d2f6215 elementor-widget elementor-widget-heading\" data-id=\"d2f6215\" data-element_type=\"widget\" data-widget_type=\"heading.default\">\n\t\t\t\t<div class=\"elementor-widget-container\">\n\t\t\t\t\t<h2 class=\"elementor-heading-title elementor-size-default\">Antonio Gardu\u00f1o<\/h2>\t\t\t\t<\/div>\n\t\t\t\t<\/div>\n\t\t\t\t<div class=\"elementor-element elementor-element-d2552fb elementor-widget-divider--view-line elementor-widget elementor-widget-divider\" data-id=\"d2552fb\" data-element_type=\"widget\" data-widget_type=\"divider.default\">\n\t\t\t\t<div class=\"elementor-widget-container\">\n\t\t\t\t\t\t\t<div class=\"elementor-divider\">\n\t\t\t<span class=\"elementor-divider-separator\">\n\t\t\t\t\t\t<\/span>\n\t\t<\/div>\n\t\t\t\t\t\t<\/div>\n\t\t\t\t<\/div>\n\t\t\t\t<div class=\"elementor-element elementor-element-9682832 elementor-align-justify elementor-widget-mobile__width-inherit elementor-widget elementor-widget-button\" data-id=\"9682832\" data-element_type=\"widget\" data-widget_type=\"button.default\">\n\t\t\t\t<div class=\"elementor-widget-container\">\n\t\t\t\t\t\t\t\t\t<div class=\"elementor-button-wrapper\">\n\t\t\t\t\t<a class=\"elementor-button elementor-button-link elementor-size-sm\" href=\"#\">\n\t\t\t\t\t\t<span class=\"elementor-button-content-wrapper\">\n\t\t\t\t\t\t\t\t\t<span class=\"elementor-button-text\">Ver mais<\/span>\n\t\t\t\t\t<\/span>\n\t\t\t\t\t<\/a>\n\t\t\t\t<\/div>\n\t\t\t\t\t\t\t\t<\/div>\n\t\t\t\t<\/div>\n\t\t\t\t<\/div>\n\t\t<div class=\"elementor-element elementor-element-ad5273d e-con-full e-flex e-con e-child\" data-id=\"ad5273d\" data-element_type=\"container\">\n\t\t\t\t<div class=\"elementor-element elementor-element-444a5cf elementor-invisible elementor-widget elementor-widget-image\" data-id=\"444a5cf\" data-element_type=\"widget\" data-settings=\"{&quot;_animation&quot;:&quot;rollIn&quot;,&quot;_animation_delay&quot;:600}\" data-widget_type=\"image.default\">\n\t\t\t\t<div class=\"elementor-widget-container\">\n\t\t\t\t\t\t\t\t\t\t\t\t\t\t\t<img loading=\"lazy\" decoding=\"async\" width=\"287\" height=\"287\" src=\"https:\/\/blcuniversity.org\/wp-content\/uploads\/2024\/05\/carmen.webp\" class=\"attachment-full size-full wp-image-145\" alt=\"\" srcset=\"https:\/\/blcuniversity.org\/wp-content\/uploads\/2024\/05\/carmen.webp 287w, https:\/\/blcuniversity.org\/wp-content\/uploads\/2024\/05\/carmen-150x150.webp 150w\" sizes=\"(max-width: 287px) 100vw, 287px\" \/>\t\t\t\t\t\t\t\t\t\t\t\t\t\t\t<\/div>\n\t\t\t\t<\/div>\n\t\t\t\t<div class=\"elementor-element elementor-element-be6630a elementor-widget elementor-widget-heading\" data-id=\"be6630a\" data-element_type=\"widget\" data-widget_type=\"heading.default\">\n\t\t\t\t<div class=\"elementor-widget-container\">\n\t\t\t\t\t<h2 class=\"elementor-heading-title elementor-size-default\">Carmen Rosa Ram\u00edrez<\/h2>\t\t\t\t<\/div>\n\t\t\t\t<\/div>\n\t\t\t\t<div class=\"elementor-element elementor-element-21af57b elementor-widget-divider--view-line elementor-widget elementor-widget-divider\" data-id=\"21af57b\" data-element_type=\"widget\" data-widget_type=\"divider.default\">\n\t\t\t\t<div class=\"elementor-widget-container\">\n\t\t\t\t\t\t\t<div class=\"elementor-divider\">\n\t\t\t<span class=\"elementor-divider-separator\">\n\t\t\t\t\t\t<\/span>\n\t\t<\/div>\n\t\t\t\t\t\t<\/div>\n\t\t\t\t<\/div>\n\t\t\t\t<div class=\"elementor-element elementor-element-f8848d3 elementor-align-justify elementor-widget-mobile__width-inherit elementor-widget elementor-widget-button\" data-id=\"f8848d3\" data-element_type=\"widget\" data-widget_type=\"button.default\">\n\t\t\t\t<div class=\"elementor-widget-container\">\n\t\t\t\t\t\t\t\t\t<div class=\"elementor-button-wrapper\">\n\t\t\t\t\t<a class=\"elementor-button elementor-button-link elementor-size-sm\" href=\"#elementor-action:action=popup:open&settings=eyJpZCI6IjE2MTUiLCJ0b2dnbGUiOmZhbHNlfQ==\">\n\t\t\t\t\t\t<span class=\"elementor-button-content-wrapper\">\n\t\t\t\t\t\t\t\t\t<span class=\"elementor-button-text\">Ver mais<\/span>\n\t\t\t\t\t<\/span>\n\t\t\t\t\t<\/a>\n\t\t\t\t<\/div>\n\t\t\t\t\t\t\t\t<\/div>\n\t\t\t\t<\/div>\n\t\t\t\t<\/div>\n\t\t<div class=\"elementor-element elementor-element-15fd075 e-con-full e-flex e-con e-child\" data-id=\"15fd075\" data-element_type=\"container\">\n\t\t\t\t<div class=\"elementor-element elementor-element-e117c21 elementor-invisible elementor-widget elementor-widget-image\" data-id=\"e117c21\" data-element_type=\"widget\" data-settings=\"{&quot;_animation&quot;:&quot;rollIn&quot;}\" data-widget_type=\"image.default\">\n\t\t\t\t<div class=\"elementor-widget-container\">\n\t\t\t\t\t\t\t\t\t\t\t\t\t\t\t\t<a href=\"#elementor-action:action=popup:open&settings=eyJpZCI6IjUwMyIsInRvZ2dsZSI6ZmFsc2V9\">\n\t\t\t\t\t\t\t<img loading=\"lazy\" decoding=\"async\" width=\"287\" height=\"287\" src=\"https:\/\/blcuniversity.org\/wp-content\/uploads\/2024\/05\/oscar.webp\" class=\"attachment-full size-full wp-image-147\" alt=\"\" srcset=\"https:\/\/blcuniversity.org\/wp-content\/uploads\/2024\/05\/oscar.webp 287w, https:\/\/blcuniversity.org\/wp-content\/uploads\/2024\/05\/oscar-150x150.webp 150w\" sizes=\"(max-width: 287px) 100vw, 287px\" \/>\t\t\t\t\t\t\t\t<\/a>\n\t\t\t\t\t\t\t\t\t\t\t\t\t\t\t<\/div>\n\t\t\t\t<\/div>\n\t\t\t\t<div class=\"elementor-element elementor-element-d1e3804 elementor-widget elementor-widget-heading\" data-id=\"d1e3804\" data-element_type=\"widget\" data-widget_type=\"heading.default\">\n\t\t\t\t<div class=\"elementor-widget-container\">\n\t\t\t\t\t<h2 class=\"elementor-heading-title elementor-size-default\">Oscar De Carlos<\/h2>\t\t\t\t<\/div>\n\t\t\t\t<\/div>\n\t\t\t\t<div class=\"elementor-element elementor-element-6bccacb elementor-widget-divider--view-line elementor-widget elementor-widget-divider\" data-id=\"6bccacb\" data-element_type=\"widget\" data-widget_type=\"divider.default\">\n\t\t\t\t<div class=\"elementor-widget-container\">\n\t\t\t\t\t\t\t<div class=\"elementor-divider\">\n\t\t\t<span class=\"elementor-divider-separator\">\n\t\t\t\t\t\t<\/span>\n\t\t<\/div>\n\t\t\t\t\t\t<\/div>\n\t\t\t\t<\/div>\n\t\t\t\t<div class=\"elementor-element elementor-element-5daa11c elementor-align-justify elementor-widget-mobile__width-inherit elementor-widget elementor-widget-button\" data-id=\"5daa11c\" data-element_type=\"widget\" data-widget_type=\"button.default\">\n\t\t\t\t<div class=\"elementor-widget-container\">\n\t\t\t\t\t\t\t\t\t<div class=\"elementor-button-wrapper\">\n\t\t\t\t\t<a class=\"elementor-button elementor-button-link elementor-size-sm\" href=\"#elementor-action:action=popup:open&settings=eyJpZCI6IjUwMyIsInRvZ2dsZSI6ZmFsc2V9\">\n\t\t\t\t\t\t<span class=\"elementor-button-content-wrapper\">\n\t\t\t\t\t\t\t\t\t<span class=\"elementor-button-text\">Ver mais<\/span>\n\t\t\t\t\t<\/span>\n\t\t\t\t\t<\/a>\n\t\t\t\t<\/div>\n\t\t\t\t\t\t\t\t<\/div>\n\t\t\t\t<\/div>\n\t\t\t\t<\/div>\n\t\t<div class=\"elementor-element elementor-element-e603e5a e-con-full e-flex e-con e-child\" data-id=\"e603e5a\" data-element_type=\"container\">\n\t\t\t\t<div class=\"elementor-element elementor-element-93b5965 elementor-invisible elementor-widget elementor-widget-image\" data-id=\"93b5965\" data-element_type=\"widget\" data-settings=\"{&quot;_animation&quot;:&quot;rollIn&quot;,&quot;_animation_delay&quot;:300}\" data-widget_type=\"image.default\">\n\t\t\t\t<div class=\"elementor-widget-container\">\n\t\t\t\t\t\t\t\t\t\t\t\t\t\t\t<img loading=\"lazy\" decoding=\"async\" width=\"287\" height=\"287\" src=\"https:\/\/blcuniversity.org\/wp-content\/uploads\/2024\/05\/hanna.webp\" class=\"attachment-full size-full wp-image-146\" alt=\"\" srcset=\"https:\/\/blcuniversity.org\/wp-content\/uploads\/2024\/05\/hanna.webp 287w, https:\/\/blcuniversity.org\/wp-content\/uploads\/2024\/05\/hanna-150x150.webp 150w\" sizes=\"(max-width: 287px) 100vw, 287px\" \/>\t\t\t\t\t\t\t\t\t\t\t\t\t\t\t<\/div>\n\t\t\t\t<\/div>\n\t\t\t\t<div class=\"elementor-element elementor-element-67d9042 elementor-widget elementor-widget-heading\" data-id=\"67d9042\" data-element_type=\"widget\" data-widget_type=\"heading.default\">\n\t\t\t\t<div class=\"elementor-widget-container\">\n\t\t\t\t\t<h2 class=\"elementor-heading-title elementor-size-default\">Hanna Gardu\u00f1o<\/h2>\t\t\t\t<\/div>\n\t\t\t\t<\/div>\n\t\t\t\t<div class=\"elementor-element elementor-element-8ba6acf elementor-widget-divider--view-line elementor-widget elementor-widget-divider\" data-id=\"8ba6acf\" data-element_type=\"widget\" data-widget_type=\"divider.default\">\n\t\t\t\t<div class=\"elementor-widget-container\">\n\t\t\t\t\t\t\t<div class=\"elementor-divider\">\n\t\t\t<span class=\"elementor-divider-separator\">\n\t\t\t\t\t\t<\/span>\n\t\t<\/div>\n\t\t\t\t\t\t<\/div>\n\t\t\t\t<\/div>\n\t\t\t\t<div class=\"elementor-element elementor-element-4eb1734 elementor-align-justify elementor-widget-mobile__width-inherit elementor-widget elementor-widget-button\" data-id=\"4eb1734\" data-element_type=\"widget\" data-widget_type=\"button.default\">\n\t\t\t\t<div class=\"elementor-widget-container\">\n\t\t\t\t\t\t\t\t\t<div class=\"elementor-button-wrapper\">\n\t\t\t\t\t<a class=\"elementor-button elementor-button-link elementor-size-sm\" href=\"#elementor-action:action=popup:open&settings=eyJpZCI6IjE2MjYiLCJ0b2dnbGUiOmZhbHNlfQ==\">\n\t\t\t\t\t\t<span class=\"elementor-button-content-wrapper\">\n\t\t\t\t\t\t\t\t\t<span class=\"elementor-button-text\">Ver mais<\/span>\n\t\t\t\t\t<\/span>\n\t\t\t\t\t<\/a>\n\t\t\t\t<\/div>\n\t\t\t\t\t\t\t\t<\/div>\n\t\t\t\t<\/div>\n\t\t\t\t<\/div>\n\t\t\t\t\t<\/div>\n\t\t\t\t<\/div>\n\t\t\t\t<\/div>","protected":false},"excerpt":{"rendered":"<p>\u00bfQui\u00e9nes Somos? Somos una comunidad de hombres y mujeres de negocios, emprendedores y visionarios que hemos comprendido el impacto del nuevo panorama econ\u00f3mico mundial y las herramientas innovadoras que nos ofrece la era de la informaci\u00f3n. Estamos conscientes de que nunca en la historia de la humanidad se hab\u00edan presentado tantas oportunidades para transformar vidas. [&hellip;]<\/p>","protected":false},"author":8,"featured_media":0,"parent":72,"menu_order":0,"comment_status":"closed","ping_status":"closed","template":"","meta":{"footnotes":""},"class_list":["post-1638","page","type-page","status-publish","hentry"],"_links":{"self":[{"href":"https:\/\/blcuniversity.org\/pt\/wp-json\/wp\/v2\/pages\/1638","targetHints":{"allow":["GET"]}}],"collection":[{"href":"https:\/\/blcuniversity.org\/pt\/wp-json\/wp\/v2\/pages"}],"about":[{"href":"https:\/\/blcuniversity.org\/pt\/wp-json\/wp\/v2\/types\/page"}],"author":[{"embeddable":true,"href":"https:\/\/blcuniversity.org\/pt\/wp-json\/wp\/v2\/users\/8"}],"replies":[{"embeddable":true,"href":"https:\/\/blcuniversity.org\/pt\/wp-json\/wp\/v2\/comments?post=1638"}],"version-history":[{"count":3,"href":"https:\/\/blcuniversity.org\/pt\/wp-json\/wp\/v2\/pages\/1638\/revisions"}],"predecessor-version":[{"id":5870,"href":"https:\/\/blcuniversity.org\/pt\/wp-json\/wp\/v2\/pages\/1638\/revisions\/5870"}],"up":[{"embeddable":true,"href":"https:\/\/blcuniversity.org\/pt\/wp-json\/wp\/v2\/pages\/72"}],"wp:attachment":[{"href":"https:\/\/blcuniversity.org\/pt\/wp-json\/wp\/v2\/media?parent=1638"}],"curies":[{"name":"wp","href":"https:\/\/api.w.org\/{rel}","templated":true}]}}